{"id":7186,"date":"2022-12-15T15:27:08","date_gmt":"2022-12-15T15:27:08","guid":{"rendered":"http:\/\/hotelporto.com\/?page_id=7186"},"modified":"2022-12-16T16:48:40","modified_gmt":"2022-12-16T16:48:40","slug":"privacy-policy","status":"publish","type":"page","link":"https:\/\/hotelporto.com\/en\/privacy-policy\/","title":{"rendered":"Privacy Policy"},"content":{"rendered":"<div data-elementor-type=\"wp-page\" data-elementor-id=\"7186\" class=\"elementor elementor-7186\" data-elementor-post-type=\"page\">\n\t\t\t\t\t\t<section class=\"elementor-section elementor-top-section elementor-element elementor-element-85c3332 elementor-section-boxed elementor-section-height-default elementor-section-height-default\" data-id=\"85c3332\" data-element_type=\"section\">\n\t\t\t\t\t\t<div class=\"elementor-container elementor-column-gap-default\">\n\t\t\t\t\t<div class=\"elementor-column elementor-col-100 elementor-top-column elementor-element elementor-element-5a87f2f\" data-id=\"5a87f2f\" data-element_type=\"column\">\n\t\t\t<div class=\"elementor-widget-wrap elementor-element-populated\">\n\t\t\t\t\t\t<div class=\"elementor-element elementor-element-a35df14 elementor-widget elementor-widget-text-editor\" data-id=\"a35df14\" data-element_type=\"widget\" data-widget_type=\"text-editor.default\">\n\t\t\t\t<div class=\"elementor-widget-container\">\n\t\t\t<style>\/*! elementor - v3.20.0 - 10-04-2024 *\/\n.elementor-widget-text-editor.elementor-drop-cap-view-stacked .elementor-drop-cap{background-color:#69727d;color:#fff}.elementor-widget-text-editor.elementor-drop-cap-view-framed .elementor-drop-cap{color:#69727d;border:3px solid;background-color:transparent}.elementor-widget-text-editor:not(.elementor-drop-cap-view-default) .elementor-drop-cap{margin-top:8px}.elementor-widget-text-editor:not(.elementor-drop-cap-view-default) .elementor-drop-cap-letter{width:1em;height:1em}.elementor-widget-text-editor .elementor-drop-cap{float:left;text-align:center;line-height:1;font-size:50px}.elementor-widget-text-editor .elementor-drop-cap-letter{display:inline-block}<\/style>\t\t\t\t<p><b>Privacy Policy<\/b><\/p><p><b>Last Updated On 15-Dec-2022<\/b><\/p><p><b>Effective Date 15-Dec-2022<\/b><\/p><p>Esta Pol\u00edtica de privacidad describe las pol\u00edticas de Hotel Porto S.L., Carrer Foies, 5, Valencia 46730, Espa\u00f1a, correo electr\u00f3nico: porto@hotelporto.com, tel\u00e9fono: 96 284 17 23 sobre la recopilaci\u00f3n, uso y divulgaci\u00f3n de su informaci\u00f3n que recopilamos cuando usted utilice nuestro sitio web ( https:\/\/hotelporto.com ). (el servicio\"). Al acceder o utilizar el Servicio, usted acepta la recopilaci\u00f3n, el uso y la divulgaci\u00f3n de su informaci\u00f3n de acuerdo con esta Pol\u00edtica de privacidad. Si no da su consentimiento, no acceda ni utilice el Servicio.<\/p><p>We may modify this Privacy Policy at any time without any prior notice to you and will post the revised Privacy Policy on the Service. The revised Policy will be effective 180 days from when the revised Policy is posted in the Service and your continued access or use of the Service after such time will constitute your acceptance of the revised Privacy Policy. We therefore recommend that you periodically review this page.<\/p><h2 class=\"western\"><strong><b>How We Share Your Information:<\/b><\/strong><\/h2><p>We will not transfer your personal information to any third party without seeking your consent, except in limited circumstances as described below:<\/p><p>Analytics<\/p><p>We require such third party\u2019s to use the personal information we transfer to them only for the purpose for which it was transferred and not to retain it for longer than is required for fulfilling the said purpose.<\/p><p>We may also disclose your personal information for the following: (1) to comply with applicable law, regulation, court order or other legal process; (2) to enforce your agreements with us, including this Privacy Policy; or (3) to respond to claims that your use of the Service violates any third-party rights. If the Service or our company is merged or acquired with another company, your information will be one of the assets that is transferred to the new owner.<\/p><h2 class=\"western\"><strong><b>Your rights:<\/b><\/strong><\/h2><p>Depending on the law that applies, you may have a right to access and rectify or erase your personal data or receive a copy of your personal data, restrict or object to the active processing of your data, ask us to share (port) your personal information to another entity, withdraw any consent you provided to us to process your data, a right to lodge a complaint with a statutory authority and such other rights as may be relevant under applicable laws. To exercise these rights, you can write to us at porto@hotelporto.com. We will respond to your request in accordance with applicable law.<\/p><p>Do note that if you do not allow us to collect or process the required personal information or withdraw the consent to process the same for the required purposes, you may not be able to access or use the services for which your information was sought.<\/p><h2 class=\"western\"><strong><b>Cookies Etc.<\/b><\/strong><\/h2><p>To learn more about how we use these and your choices in relation to these tracking technologies, please refer to our Cookie Policy.<\/p><h2 class=\"western\"><strong><b>Security:<\/b><\/strong><\/h2><p>The security of your information is important to us and we will use reasonable security measures to prevent the loss, misuse or unauthorized alteration of your information under our control. However, given the inherent risks, we cannot guarantee absolute security and consequently, we cannot ensure or warrant the security of any information you transmit to us and you do so at your own risk.<\/p><p>Grievance \/ Data Protection Officer:<\/p><p>If you have any queries or concerns about the processing of your information that is available with us, you may email our Grievance Officer at Hotel Porto S.L., Carrer Foies, 5, email: porto@hotelporto.com. We will address your concerns in accordance with applicable law.<\/p>\t\t\t\t\t\t<\/div>\n\t\t\t\t<\/div>\n\t\t\t\t\t<\/div>\n\t\t<\/div>\n\t\t\t\t\t<\/div>\n\t\t<\/section>\n\t\t\t\t<\/div>","protected":false},"excerpt":{"rendered":"<p>Pol\u00edtica de privacidad \u00daltima actualizaci\u00f3n el 15-dic-2022 Fecha de vigencia 15 de diciembre de 2022 Esta Pol\u00edtica de privacidad describe las pol\u00edticas de Hotel Porto S.L., Carrer Foies, 5, Valencia 46730, Espa\u00f1a, correo electr\u00f3nico: porto@hotelporto.com, tel\u00e9fono: 96 284 17 23 sobre la recopilaci\u00f3n, uso y divulgaci\u00f3n de su informaci\u00f3n que recopilamos cuando usted utilice nuestro &hellip; <\/p>\n<p class=\"link-more\"><a href=\"https:\/\/hotelporto.com\/en\/privacy-policy\/\" class=\"more-link\">Read more<span class=\"screen-reader-text\"> \"Pol\u00edtica de privacidad\"<\/span><\/a><\/p>","protected":false},"author":1,"featured_media":0,"parent":0,"menu_order":0,"comment_status":"closed","ping_status":"closed","template":"","meta":{"footnotes":""},"class_list":["post-7186","page","type-page","status-publish","hentry"],"yoast_head":"<!-- This site is optimized with the Yoast SEO plugin v20.7 - https:\/\/yoast.com\/wordpress\/plugins\/seo\/ -->\n<title>Pol\u00edtica de privacidad - Hotel Porto<\/title>\n<meta name=\"robots\" content=\"index, follow, max-snippet:-1, max-image-preview:large, max-video-preview:-1\" \/>\n<link rel=\"canonical\" href=\"https:\/\/hotelporto.com\/en\/privacy-policy\/\" \/>\n<meta property=\"og:locale\" content=\"en_US\" \/>\n<meta property=\"og:type\" content=\"article\" \/>\n<meta property=\"og:title\" content=\"Pol\u00edtica de privacidad - Hotel Porto\" \/>\n<meta property=\"og:description\" content=\"Pol\u00edtica de privacidad \u00daltima actualizaci\u00f3n el 15-dic-2022 Fecha de vigencia 15 de diciembre de 2022 Esta Pol\u00edtica de privacidad describe las pol\u00edticas de Hotel Porto S.L., Carrer Foies, 5, Valencia 46730, Espa\u00f1a, correo electr\u00f3nico: porto@hotelporto.com, tel\u00e9fono: 96 284 17 23 sobre la recopilaci\u00f3n, uso y divulgaci\u00f3n de su informaci\u00f3n que recopilamos cuando usted utilice nuestro &hellip; Read more &quot;Pol\u00edtica de privacidad&quot;\" \/>\n<meta property=\"og:url\" content=\"https:\/\/hotelporto.com\/en\/privacy-policy\/\" \/>\n<meta property=\"og:site_name\" content=\"Hotel Porto\" \/>\n<meta property=\"article:modified_time\" content=\"2022-12-16T16:48:40+00:00\" \/>\n<meta name=\"twitter:card\" content=\"summary_large_image\" \/>\n<meta name=\"twitter:label1\" content=\"Est. reading time\" \/>\n\t<meta name=\"twitter:data1\" content=\"3 minutes\" \/>\n<script type=\"application\/ld+json\" class=\"yoast-schema-graph\">{\"@context\":\"https:\/\/schema.org\",\"@graph\":[{\"@type\":\"WebPage\",\"@id\":\"https:\/\/hotelporto.com\/privacy-policy\/\",\"url\":\"https:\/\/hotelporto.com\/privacy-policy\/\",\"name\":\"Pol\u00edtica de privacidad - Hotel Porto\",\"isPartOf\":{\"@id\":\"https:\/\/hotelporto.com\/#website\"},\"datePublished\":\"2022-12-15T15:27:08+00:00\",\"dateModified\":\"2022-12-16T16:48:40+00:00\",\"breadcrumb\":{\"@id\":\"https:\/\/hotelporto.com\/privacy-policy\/#breadcrumb\"},\"inLanguage\":\"en-US\",\"potentialAction\":[{\"@type\":\"ReadAction\",\"target\":[\"https:\/\/hotelporto.com\/privacy-policy\/\"]}]},{\"@type\":\"BreadcrumbList\",\"@id\":\"https:\/\/hotelporto.com\/privacy-policy\/#breadcrumb\",\"itemListElement\":[{\"@type\":\"ListItem\",\"position\":1,\"name\":\"Portada\",\"item\":\"https:\/\/hotelporto.com\/\"},{\"@type\":\"ListItem\",\"position\":2,\"name\":\"Pol\u00edtica de privacidad\"}]},{\"@type\":\"WebSite\",\"@id\":\"https:\/\/hotelporto.com\/#website\",\"url\":\"https:\/\/hotelporto.com\/\",\"name\":\"Hotel Porto\",\"description\":\"\",\"publisher\":{\"@id\":\"https:\/\/hotelporto.com\/#organization\"},\"potentialAction\":[{\"@type\":\"SearchAction\",\"target\":{\"@type\":\"EntryPoint\",\"urlTemplate\":\"https:\/\/hotelporto.com\/?s={search_term_string}\"},\"query-input\":\"required name=search_term_string\"}],\"inLanguage\":\"en-US\"},{\"@type\":\"Organization\",\"@id\":\"https:\/\/hotelporto.com\/#organization\",\"name\":\"Hotel Porto\",\"url\":\"https:\/\/hotelporto.com\/\",\"logo\":{\"@type\":\"ImageObject\",\"inLanguage\":\"en-US\",\"@id\":\"https:\/\/hotelporto.com\/#\/schema\/logo\/image\/\",\"url\":\"https:\/\/hotelporto.com\/wp-content\/uploads\/2023\/06\/cropped-PORTO-LOGO.png\",\"contentUrl\":\"https:\/\/hotelporto.com\/wp-content\/uploads\/2023\/06\/cropped-PORTO-LOGO.png\",\"width\":1200,\"height\":415,\"caption\":\"Hotel Porto\"},\"image\":{\"@id\":\"https:\/\/hotelporto.com\/#\/schema\/logo\/image\/\"}}]}<\/script>\n<!-- \/ Yoast SEO plugin. -->","yoast_head_json":{"title":"Pol\u00edtica de privacidad - Hotel Porto","robots":{"index":"index","follow":"follow","max-snippet":"max-snippet:-1","max-image-preview":"max-image-preview:large","max-video-preview":"max-video-preview:-1"},"canonical":"https:\/\/hotelporto.com\/en\/privacy-policy\/","og_locale":"en_US","og_type":"article","og_title":"Pol\u00edtica de privacidad - Hotel Porto","og_description":"Pol\u00edtica de privacidad \u00daltima actualizaci\u00f3n el 15-dic-2022 Fecha de vigencia 15 de diciembre de 2022 Esta Pol\u00edtica de privacidad describe las pol\u00edticas de Hotel Porto S.L., Carrer Foies, 5, Valencia 46730, Espa\u00f1a, correo electr\u00f3nico: porto@hotelporto.com, tel\u00e9fono: 96 284 17 23 sobre la recopilaci\u00f3n, uso y divulgaci\u00f3n de su informaci\u00f3n que recopilamos cuando usted utilice nuestro &hellip; Read more \"Pol\u00edtica de privacidad\"","og_url":"https:\/\/hotelporto.com\/en\/privacy-policy\/","og_site_name":"Hotel Porto","article_modified_time":"2022-12-16T16:48:40+00:00","twitter_card":"summary_large_image","twitter_misc":{"Est. reading time":"3 minutes"},"schema":{"@context":"https:\/\/schema.org","@graph":[{"@type":"WebPage","@id":"https:\/\/hotelporto.com\/privacy-policy\/","url":"https:\/\/hotelporto.com\/privacy-policy\/","name":"Pol\u00edtica de privacidad - Hotel Porto","isPartOf":{"@id":"https:\/\/hotelporto.com\/#website"},"datePublished":"2022-12-15T15:27:08+00:00","dateModified":"2022-12-16T16:48:40+00:00","breadcrumb":{"@id":"https:\/\/hotelporto.com\/privacy-policy\/#breadcrumb"},"inLanguage":"en-US","potentialAction":[{"@type":"ReadAction","target":["https:\/\/hotelporto.com\/privacy-policy\/"]}]},{"@type":"BreadcrumbList","@id":"https:\/\/hotelporto.com\/privacy-policy\/#breadcrumb","itemListElement":[{"@type":"ListItem","position":1,"name":"Portada","item":"https:\/\/hotelporto.com\/"},{"@type":"ListItem","position":2,"name":"Pol\u00edtica de privacidad"}]},{"@type":"WebSite","@id":"https:\/\/hotelporto.com\/#website","url":"https:\/\/hotelporto.com\/","name":"Hotel Porto","description":"","publisher":{"@id":"https:\/\/hotelporto.com\/#organization"},"potentialAction":[{"@type":"SearchAction","target":{"@type":"EntryPoint","urlTemplate":"https:\/\/hotelporto.com\/?s={search_term_string}"},"query-input":"required name=search_term_string"}],"inLanguage":"en-US"},{"@type":"Organization","@id":"https:\/\/hotelporto.com\/#organization","name":"Hotel Porto","url":"https:\/\/hotelporto.com\/","logo":{"@type":"ImageObject","inLanguage":"en-US","@id":"https:\/\/hotelporto.com\/#\/schema\/logo\/image\/","url":"https:\/\/hotelporto.com\/wp-content\/uploads\/2023\/06\/cropped-PORTO-LOGO.png","contentUrl":"https:\/\/hotelporto.com\/wp-content\/uploads\/2023\/06\/cropped-PORTO-LOGO.png","width":1200,"height":415,"caption":"Hotel Porto"},"image":{"@id":"https:\/\/hotelporto.com\/#\/schema\/logo\/image\/"}}]}},"featured_media_urls":[],"_links":{"self":[{"href":"https:\/\/hotelporto.com\/en\/wp-json\/wp\/v2\/pages\/7186","targetHints":{"allow":["GET"]}}],"collection":[{"href":"https:\/\/hotelporto.com\/en\/wp-json\/wp\/v2\/pages"}],"about":[{"href":"https:\/\/hotelporto.com\/en\/wp-json\/wp\/v2\/types\/page"}],"author":[{"embeddable":true,"href":"https:\/\/hotelporto.com\/en\/wp-json\/wp\/v2\/users\/1"}],"replies":[{"embeddable":true,"href":"https:\/\/hotelporto.com\/en\/wp-json\/wp\/v2\/comments?post=7186"}],"version-history":[{"count":15,"href":"https:\/\/hotelporto.com\/en\/wp-json\/wp\/v2\/pages\/7186\/revisions"}],"predecessor-version":[{"id":7203,"href":"https:\/\/hotelporto.com\/en\/wp-json\/wp\/v2\/pages\/7186\/revisions\/7203"}],"wp:attachment":[{"href":"https:\/\/hotelporto.com\/en\/wp-json\/wp\/v2\/media?parent=7186"}],"curies":[{"name":"wp","href":"https:\/\/api.w.org\/{rel}","templated":true}]}}