{"id":10505,"date":"2026-05-05T13:35:37","date_gmt":"2026-05-05T13:35:37","guid":{"rendered":"https:\/\/hotelporto.com\/?page_id=10505"},"modified":"2026-05-05T13:43:55","modified_gmt":"2026-05-05T13:43:55","slug":"informacion-para-tu-estancia","status":"publish","type":"page","link":"https:\/\/hotelporto.com\/en\/informacion-para-tu-estancia\/","title":{"rendered":"Informaci\u00f3n para tu estancia"},"content":{"rendered":"<div data-elementor-type=\"wp-page\" data-elementor-id=\"10505\" class=\"elementor elementor-10505\" data-elementor-post-type=\"page\">\n\t\t\t\t\t\t<section class=\"elementor-section elementor-top-section elementor-element elementor-element-6049959 elementor-section-boxed elementor-section-height-default elementor-section-height-default\" data-id=\"6049959\" data-element_type=\"section\">\n\t\t\t\t\t\t<div class=\"elementor-container elementor-column-gap-default\">\n\t\t\t\t\t<div class=\"elementor-column elementor-col-100 elementor-top-column elementor-element elementor-element-4001233\" data-id=\"4001233\" data-element_type=\"column\">\n\t\t\t<div class=\"elementor-widget-wrap elementor-element-populated\">\n\t\t\t\t\t\t<div class=\"elementor-element elementor-element-2d018e7 elementor-widget elementor-widget-text-editor\" data-id=\"2d018e7\" data-element_type=\"widget\" data-widget_type=\"text-editor.default\">\n\t\t\t\t<div class=\"elementor-widget-container\">\n\t\t\t<style>\/*! elementor - v3.20.0 - 10-04-2024 *\/\n.elementor-widget-text-editor.elementor-drop-cap-view-stacked .elementor-drop-cap{background-color:#69727d;color:#fff}.elementor-widget-text-editor.elementor-drop-cap-view-framed .elementor-drop-cap{color:#69727d;border:3px solid;background-color:transparent}.elementor-widget-text-editor:not(.elementor-drop-cap-view-default) .elementor-drop-cap{margin-top:8px}.elementor-widget-text-editor:not(.elementor-drop-cap-view-default) .elementor-drop-cap-letter{width:1em;height:1em}.elementor-widget-text-editor .elementor-drop-cap{float:left;text-align:center;line-height:1;font-size:50px}.elementor-widget-text-editor .elementor-drop-cap-letter{display:inline-block}<\/style>\t\t\t\t<p>Bienvenid@ al Hotel Porto, queremos que pases una estancia lo m\u00e1s agradable posible as\u00ed que hemos preparado este folleto para que disfrutes de nuestras instalaciones al m\u00e1ximo.<\/p><p>Lo primero es darte las gracias por venir a pasar tus vacaciones con nosotros y queremos que sepas lo siguiente:<\/p><p>EL HOTEL CUENTA CON LAS SIGUIENTES INSTALACIONES<\/p><p>\u00b7<strong>Cafeter\u00eda y restaurante buffet en la planta baja.<\/strong><\/p><p>Tenemos servicio de cafeter\u00eda desde las 9 de la ma\u00f1ana hasta las 23:30 de la noche.<\/p><p>Nuestro restaurante es tipo buf\u00e9, servimos arroces, paellas y fideu\u00e1s t\u00edpicas de aqu\u00ed.\u00a0\u00a0<\/p><ul><li>Desayunos de 8:30 a 10:30<\/li><li>Comidas de 13:30 a 15:30<\/li><li>Cenas de 20:30 a 22:30<\/li><\/ul><p>\u00b7<strong>Sal\u00f3n de juegos en el s\u00f3tano.<\/strong><\/p><p>\u00a1Baja a cualquier hora (de 10 a 24h) y divi\u00e9rtete sin coste!<\/p><p>Tenemos billar, futbol\u00edn, m\u00e1quina recreativa, play stations y diana. Puedes pedir las bolas o los mandos para jugar en recepci\u00f3n o al personal de la barra del propio sal\u00f3n. Si no hay personal de barra en el sal\u00f3n, puedes pedir lo que quieras en cafeter\u00eda que te lo bajaremos encantados.<\/p><p><strong>\u00b7Terraza chillout en la azotea:<\/strong><\/p><p>Sube a disfrutar de unas vistas maravillosas desde las 10h hasta las 23h.<\/p><p><strong>OTROS SERVICIOS<\/strong><\/p><p>\u00b7Tienes servicio de wifi gratuito en el hotel. Pide la contrase\u00f1a en recepci\u00f3n si no lo has hecho ya.<\/p><p>Animaci\u00f3n: Tenemos personal de animaci\u00f3n en el hotel y m\u00fasica y baile todas las noches. Consulta las actividades en el tabl\u00f3n de la entrada.<\/p><p><strong>NORMAS<\/strong><\/p><p>Y por seguridad y para que todos lo pasemos igual de bien hay unas normas que te pedimos respetar:<\/p><p>\u00b7No est\u00e1 permitido fumar en las habitaciones ni en las zonas comunes del hotel, excepto en las terrazas exteriores de la planta baja y en la terraza chillout (s\u00f3lo en la parte descubierta donde no hay c\u00e9sped artificial). <strong>No cumplir con esta norma puede implicar una sanci\u00f3n de 100\u20ac.<\/strong><\/p><p>\u00b7No est\u00e1 permitido entrar bebida ni comida de fuera al restaurante, cafeter\u00eda, terraza chillout o sal\u00f3n de juegos. \u00a1Nosotros te lo servimos!<\/p><p>\u00b7Por favor, no apoyes nada sobre la barandilla de la terraza.<\/p><p>\u00b7Los envases de vidrio no se deben llevar a la zona de jacuzzi o la piscina.<\/p><p>\u00b7Tampoco est\u00e1 permitido sacar comida del restaurante.<\/p><p>\u00b7Necesitamos que permitas el acceso a nuestras camareras de piso a tu habitaci\u00f3n antes de las 14, en caso contrario, no podremos hacer tu habitaci\u00f3n ese d\u00eda.<\/p><p>\u00b7Nuestro personal te pedir\u00e1 que muestres la llave de la habitaci\u00f3n cuando quieras cargar cualquier consumo a la habitaci\u00f3n, por favor, tenlo en cuenta.<\/p><p>Para cualquier duda, si quieres contactar con recepci\u00f3n desde tu habitaci\u00f3n, llama al 601.<\/p><p>Gracias de nuevo, esperamos que tu estancia sea genial.<\/p>\t\t\t\t\t\t<\/div>\n\t\t\t\t<\/div>\n\t\t\t\t\t<\/div>\n\t\t<\/div>\n\t\t\t\t\t<\/div>\n\t\t<\/section>\n\t\t\t\t<\/div>","protected":false},"excerpt":{"rendered":"<p>Bienvenid@ al Hotel Porto, queremos que pases una estancia lo m\u00e1s agradable posible as\u00ed que hemos preparado este folleto para que disfrutes de nuestras instalaciones al m\u00e1ximo. Lo primero es darte las gracias por venir a pasar tus vacaciones con nosotros y queremos que sepas lo siguiente: EL HOTEL CUENTA CON LAS SIGUIENTES INSTALACIONES \u00b7Cafeter\u00eda &hellip; <\/p>\n<p class=\"link-more\"><a href=\"https:\/\/hotelporto.com\/en\/informacion-para-tu-estancia\/\" class=\"more-link\">Read more<span class=\"screen-reader-text\"> \"Informaci\u00f3n para tu estancia\"<\/span><\/a><\/p>","protected":false},"author":1,"featured_media":0,"parent":0,"menu_order":0,"comment_status":"closed","ping_status":"closed","template":"","meta":{"footnotes":""},"class_list":["post-10505","page","type-page","status-publish","hentry"],"yoast_head":"<!-- This site is optimized with the Yoast SEO plugin v20.7 - https:\/\/yoast.com\/wordpress\/plugins\/seo\/ -->\n<title>Informaci\u00f3n para tu estancia - Hotel Porto<\/title>\n<meta name=\"robots\" content=\"index, follow, max-snippet:-1, max-image-preview:large, max-video-preview:-1\" \/>\n<link rel=\"canonical\" href=\"https:\/\/hotelporto.com\/en\/informacion-para-tu-estancia\/\" \/>\n<meta property=\"og:locale\" content=\"en_US\" \/>\n<meta property=\"og:type\" content=\"article\" \/>\n<meta property=\"og:title\" content=\"Informaci\u00f3n para tu estancia - Hotel Porto\" \/>\n<meta property=\"og:description\" content=\"Bienvenid@ al Hotel Porto, queremos que pases una estancia lo m\u00e1s agradable posible as\u00ed que hemos preparado este folleto para que disfrutes de nuestras instalaciones al m\u00e1ximo. Lo primero es darte las gracias por venir a pasar tus vacaciones con nosotros y queremos que sepas lo siguiente: EL HOTEL CUENTA CON LAS SIGUIENTES INSTALACIONES \u00b7Cafeter\u00eda &hellip; Read more &quot;Informaci\u00f3n para tu estancia&quot;\" \/>\n<meta property=\"og:url\" content=\"https:\/\/hotelporto.com\/en\/informacion-para-tu-estancia\/\" \/>\n<meta property=\"og:site_name\" content=\"Hotel Porto\" \/>\n<meta property=\"article:modified_time\" content=\"2026-05-05T13:43:55+00:00\" \/>\n<meta name=\"twitter:card\" content=\"summary_large_image\" \/>\n<meta name=\"twitter:label1\" content=\"Est. reading time\" \/>\n\t<meta name=\"twitter:data1\" content=\"3 minutes\" \/>\n<script type=\"application\/ld+json\" class=\"yoast-schema-graph\">{\"@context\":\"https:\/\/schema.org\",\"@graph\":[{\"@type\":\"WebPage\",\"@id\":\"https:\/\/hotelporto.com\/informacion-para-tu-estancia\/\",\"url\":\"https:\/\/hotelporto.com\/informacion-para-tu-estancia\/\",\"name\":\"Informaci\u00f3n para tu estancia - Hotel Porto\",\"isPartOf\":{\"@id\":\"https:\/\/hotelporto.com\/#website\"},\"datePublished\":\"2026-05-05T13:35:37+00:00\",\"dateModified\":\"2026-05-05T13:43:55+00:00\",\"breadcrumb\":{\"@id\":\"https:\/\/hotelporto.com\/informacion-para-tu-estancia\/#breadcrumb\"},\"inLanguage\":\"en-US\",\"potentialAction\":[{\"@type\":\"ReadAction\",\"target\":[\"https:\/\/hotelporto.com\/informacion-para-tu-estancia\/\"]}]},{\"@type\":\"BreadcrumbList\",\"@id\":\"https:\/\/hotelporto.com\/informacion-para-tu-estancia\/#breadcrumb\",\"itemListElement\":[{\"@type\":\"ListItem\",\"position\":1,\"name\":\"Portada\",\"item\":\"https:\/\/hotelporto.com\/\"},{\"@type\":\"ListItem\",\"position\":2,\"name\":\"Informaci\u00f3n para tu estancia\"}]},{\"@type\":\"WebSite\",\"@id\":\"https:\/\/hotelporto.com\/#website\",\"url\":\"https:\/\/hotelporto.com\/\",\"name\":\"Hotel Porto\",\"description\":\"\",\"publisher\":{\"@id\":\"https:\/\/hotelporto.com\/#organization\"},\"potentialAction\":[{\"@type\":\"SearchAction\",\"target\":{\"@type\":\"EntryPoint\",\"urlTemplate\":\"https:\/\/hotelporto.com\/?s={search_term_string}\"},\"query-input\":\"required name=search_term_string\"}],\"inLanguage\":\"en-US\"},{\"@type\":\"Organization\",\"@id\":\"https:\/\/hotelporto.com\/#organization\",\"name\":\"Hotel Porto\",\"url\":\"https:\/\/hotelporto.com\/\",\"logo\":{\"@type\":\"ImageObject\",\"inLanguage\":\"en-US\",\"@id\":\"https:\/\/hotelporto.com\/#\/schema\/logo\/image\/\",\"url\":\"https:\/\/hotelporto.com\/wp-content\/uploads\/2023\/06\/cropped-PORTO-LOGO.png\",\"contentUrl\":\"https:\/\/hotelporto.com\/wp-content\/uploads\/2023\/06\/cropped-PORTO-LOGO.png\",\"width\":1200,\"height\":415,\"caption\":\"Hotel Porto\"},\"image\":{\"@id\":\"https:\/\/hotelporto.com\/#\/schema\/logo\/image\/\"}}]}<\/script>\n<!-- \/ Yoast SEO plugin. -->","yoast_head_json":{"title":"Informaci\u00f3n para tu estancia - Hotel Porto","robots":{"index":"index","follow":"follow","max-snippet":"max-snippet:-1","max-image-preview":"max-image-preview:large","max-video-preview":"max-video-preview:-1"},"canonical":"https:\/\/hotelporto.com\/en\/informacion-para-tu-estancia\/","og_locale":"en_US","og_type":"article","og_title":"Informaci\u00f3n para tu estancia - Hotel Porto","og_description":"Bienvenid@ al Hotel Porto, queremos que pases una estancia lo m\u00e1s agradable posible as\u00ed que hemos preparado este folleto para que disfrutes de nuestras instalaciones al m\u00e1ximo. Lo primero es darte las gracias por venir a pasar tus vacaciones con nosotros y queremos que sepas lo siguiente: EL HOTEL CUENTA CON LAS SIGUIENTES INSTALACIONES \u00b7Cafeter\u00eda &hellip; Read more \"Informaci\u00f3n para tu estancia\"","og_url":"https:\/\/hotelporto.com\/en\/informacion-para-tu-estancia\/","og_site_name":"Hotel Porto","article_modified_time":"2026-05-05T13:43:55+00:00","twitter_card":"summary_large_image","twitter_misc":{"Est. reading time":"3 minutes"},"schema":{"@context":"https:\/\/schema.org","@graph":[{"@type":"WebPage","@id":"https:\/\/hotelporto.com\/informacion-para-tu-estancia\/","url":"https:\/\/hotelporto.com\/informacion-para-tu-estancia\/","name":"Informaci\u00f3n para tu estancia - Hotel Porto","isPartOf":{"@id":"https:\/\/hotelporto.com\/#website"},"datePublished":"2026-05-05T13:35:37+00:00","dateModified":"2026-05-05T13:43:55+00:00","breadcrumb":{"@id":"https:\/\/hotelporto.com\/informacion-para-tu-estancia\/#breadcrumb"},"inLanguage":"en-US","potentialAction":[{"@type":"ReadAction","target":["https:\/\/hotelporto.com\/informacion-para-tu-estancia\/"]}]},{"@type":"BreadcrumbList","@id":"https:\/\/hotelporto.com\/informacion-para-tu-estancia\/#breadcrumb","itemListElement":[{"@type":"ListItem","position":1,"name":"Portada","item":"https:\/\/hotelporto.com\/"},{"@type":"ListItem","position":2,"name":"Informaci\u00f3n para tu estancia"}]},{"@type":"WebSite","@id":"https:\/\/hotelporto.com\/#website","url":"https:\/\/hotelporto.com\/","name":"Hotel Porto","description":"","publisher":{"@id":"https:\/\/hotelporto.com\/#organization"},"potentialAction":[{"@type":"SearchAction","target":{"@type":"EntryPoint","urlTemplate":"https:\/\/hotelporto.com\/?s={search_term_string}"},"query-input":"required name=search_term_string"}],"inLanguage":"en-US"},{"@type":"Organization","@id":"https:\/\/hotelporto.com\/#organization","name":"Hotel Porto","url":"https:\/\/hotelporto.com\/","logo":{"@type":"ImageObject","inLanguage":"en-US","@id":"https:\/\/hotelporto.com\/#\/schema\/logo\/image\/","url":"https:\/\/hotelporto.com\/wp-content\/uploads\/2023\/06\/cropped-PORTO-LOGO.png","contentUrl":"https:\/\/hotelporto.com\/wp-content\/uploads\/2023\/06\/cropped-PORTO-LOGO.png","width":1200,"height":415,"caption":"Hotel Porto"},"image":{"@id":"https:\/\/hotelporto.com\/#\/schema\/logo\/image\/"}}]}},"featured_media_urls":[],"_links":{"self":[{"href":"https:\/\/hotelporto.com\/en\/wp-json\/wp\/v2\/pages\/10505","targetHints":{"allow":["GET"]}}],"collection":[{"href":"https:\/\/hotelporto.com\/en\/wp-json\/wp\/v2\/pages"}],"about":[{"href":"https:\/\/hotelporto.com\/en\/wp-json\/wp\/v2\/types\/page"}],"author":[{"embeddable":true,"href":"https:\/\/hotelporto.com\/en\/wp-json\/wp\/v2\/users\/1"}],"replies":[{"embeddable":true,"href":"https:\/\/hotelporto.com\/en\/wp-json\/wp\/v2\/comments?post=10505"}],"version-history":[{"count":8,"href":"https:\/\/hotelporto.com\/en\/wp-json\/wp\/v2\/pages\/10505\/revisions"}],"predecessor-version":[{"id":10514,"href":"https:\/\/hotelporto.com\/en\/wp-json\/wp\/v2\/pages\/10505\/revisions\/10514"}],"wp:attachment":[{"href":"https:\/\/hotelporto.com\/en\/wp-json\/wp\/v2\/media?parent=10505"}],"curies":[{"name":"wp","href":"https:\/\/api.w.org\/{rel}","templated":true}]}}